{"id":27,"date":"2017-04-14T23:45:55","date_gmt":"2017-04-14T21:45:55","guid":{"rendered":"http:\/\/www.ilcerchietto.it\/?page_id=27"},"modified":"2025-10-07T16:41:08","modified_gmt":"2025-10-07T14:41:08","slug":"come-funziona","status":"publish","type":"page","link":"https:\/\/www.ilcerchietto.it\/es\/come-funziona\/","title":{"rendered":"c\u00f3mo"},"content":{"rendered":"<p><\/p>\n\n\n\n<p>Il Cerchietto es un proyecto creado para promover y difundir un estilo de vida basado en la sobriedad, el reciclaje, el no desperdicio y la solidaridad.<\/p>\n\n\n\n<p>Desde 2019 forma parte de \u00abInfanzia &amp; Incontri\u00bb APS de Torre Boldone.<\/p>\n\n\n\n<p><strong>REGLAS<\/strong><\/p>\n\n\n\n<p>Para utilizar el servicio de intercambio es necesario hacerse socio de \u00abInfanzia &amp; Incontri\u00bb APS rellenando el formulario de inscripci\u00f3n en el sitio y pagando la contribuci\u00f3n de 10 \u20ac (se emitir\u00e1 un documento nominal) o rellenando el <a href=\"https:\/\/bit.ly\/infanzia-e-incontri-domanda-ammissione-socio\" target=\"_blank\" rel=\"noreferrer noopener\">formulario de inscripci\u00f3n on-line <\/a>y pagando mediante transferencia bancaria .<\/p>\n\n\n\n<p>Ser socio permite acceder gratuitamente a todas las iniciativas propuestas por \u00abInfanzia &amp; Incontri\u00bb APS (talleres, iniciativas de lectura \u00abLa notte dei pupazzi\u00bb y psicomotricidad para ni\u00f1os de 0 a 5 a\u00f1os, eventos de formaci\u00f3n para adultos, etc.) durante todo el a\u00f1o educativo&nbsp; (1 de septiembre &#8211; 31 de agosto) y beneficiarse de la cobertura del seguro durante las actividades organizadas por la asociaci\u00f3n.&nbsp;<\/p>\n\n\n\n<p>La ropa debe estar limpia y en buen estado (la que usted pondr\u00eda a sus hijos), y se eval\u00faa y acepta a discreci\u00f3n del voluntario de Cerchietto.<\/p>\n\n\n\n<p>Las prendas entregadas dan derecho a la obtenci\u00f3n de puntos que pueden utilizarse para elegir inmediatamente otras prendas o accesorios de \u00abvalor equivalente\u00bb, que se otorgan del siguiente modo<\/p>\n\n\n\n<ul class=\"wp-block-list\">\n<li>chaquetas, zapatos y ropa formal 5 puntos<\/li>\n\n\n\n<li>todo lo dem\u00e1s 1 punto<\/li>\n<\/ul>\n\n\n\n<p>Los puntos no se pueden acumular y no se puede mantener pendientes<\/p>\n\n\n\n<p>Los art\u00edculos traidos para el intercambio estar\u00e1n disponibles a partir de la siguiente apertura.<\/p>\n\n\n\n<p>En \u00e9pocas de gran afluencia, el intercambio s\u00f3lo puede realizarse para una talla cada vez.<\/p>\n\n\n\n<p>No se recoger\u00e1n art\u00edculos voluminosos como cochecitos, cunas, silla alta, etc.<\/p>\n\n\n\n<p>Si no est\u00e1 interesado en el intercambio pero tiene ropa que no utiliza, puede traerla y ser\u00e1 \u00abpuesta en circulaci\u00f3n\u00bb.<\/p>\n\n\n\n<p><strong>Modalidades de intercambio:<\/strong><\/p>\n\n\n\n<p>El voluntario:<\/p>\n\n\n\n<ul class=\"wp-block-list\">\n<li>comprueba que la persona\/hogar est\u00e1 asociada a \u00abInfanzia &amp; Incontri\u00bb APS;<\/li>\n\n\n\n<li>antes de aceptar la ropa, eval\u00faa su estado y limpieza;<\/li>\n\n\n\n<li>cuantifica la puntuaci\u00f3n obtenida hasta un m\u00e1ximo de 20 puntos.<\/li>\n<\/ul>\n\n\n\n<p>Los puntos deben utilizarse inmediatamente, no pueden acumularse ni mantenerse pendientes.<\/p>\n\n\n\n<p>Se ruega al p\u00fablico que se comporte de la forma m\u00e1s correcta y respetuosa posible.<\/p>\n\n\n\n<p>No puede deambular libremente por las instalaciones.<\/p>\n\n\n\n<p>No se admiten perros.<\/p>\n\n\n\n<p>","protected":false},"excerpt":{"rendered":"<p>Il Cerchietto es un proyecto creado para promover y difundir un estilo de vida basado en la sobriedad, el reciclaje, el no desperdicio y la solidaridad. Desde 2019 forma parte de \u00abInfanzia &amp; Incontri\u00bb APS de Torre Boldone. REGLAS Para utilizar el servicio de intercambio es necesario hacerse socio de \u00abInfanzia &amp; Incontri\u00bb APS rellenando [&hellip;]<\/p>\n","protected":false},"author":1,"featured_media":0,"parent":0,"menu_order":0,"comment_status":"closed","ping_status":"closed","template":"","meta":{"footnotes":""},"class_list":["post-27","page","type-page","status-publish","hentry"],"_links":{"self":[{"href":"https:\/\/www.ilcerchietto.it\/es\/wp-json\/wp\/v2\/pages\/27","targetHints":{"allow":["GET"]}}],"collection":[{"href":"https:\/\/www.ilcerchietto.it\/es\/wp-json\/wp\/v2\/pages"}],"about":[{"href":"https:\/\/www.ilcerchietto.it\/es\/wp-json\/wp\/v2\/types\/page"}],"author":[{"embeddable":true,"href":"https:\/\/www.ilcerchietto.it\/es\/wp-json\/wp\/v2\/users\/1"}],"replies":[{"embeddable":true,"href":"https:\/\/www.ilcerchietto.it\/es\/wp-json\/wp\/v2\/comments?post=27"}],"version-history":[{"count":59,"href":"https:\/\/www.ilcerchietto.it\/es\/wp-json\/wp\/v2\/pages\/27\/revisions"}],"predecessor-version":[{"id":720,"href":"https:\/\/www.ilcerchietto.it\/es\/wp-json\/wp\/v2\/pages\/27\/revisions\/720"}],"wp:attachment":[{"href":"https:\/\/www.ilcerchietto.it\/es\/wp-json\/wp\/v2\/media?parent=27"}],"curies":[{"name":"wp","href":"https:\/\/api.w.org\/{rel}","templated":true}]}}