{"id":460,"date":"2023-03-15T09:23:52","date_gmt":"2023-03-15T08:23:52","guid":{"rendered":"https:\/\/www.ilcerchietto.it\/?page_id=460"},"modified":"2023-03-16T11:33:19","modified_gmt":"2023-03-16T10:33:19","slug":"i-nostri-amici","status":"publish","type":"page","link":"https:\/\/www.ilcerchietto.it\/es\/i-nostri-amici\/","title":{"rendered":"I nostri amici"},"content":{"rendered":"\n<p>Si segnalano altri punti di raccolta e associazioni con cui collaboriamo:<\/p>\n\n\n\n<p><strong>CAV \u2013 Centro di aiuto alla vita&nbsp;<\/strong><br>Progetto di comunit\u00e0 a servizio della donna in difficolt\u00e0 nell\u2019accogliere la nascita di un bambino; ritiro e distribuzione abiti 0\/2 anni, carrozzine, lettini e lenzuola, passeggini, seggioloni etc<\/p>\n\n\n\n<p>INDIRIZZO&nbsp;Via Abruzzi n. 9, Alzano Lombardo (BG)<br>APERTURA&nbsp;marted\u00ec, mercoled\u00ec e gioved\u00ec 15.00-17.00<br>CONTATTI&nbsp;035515532 \u2013 3406153628<br><a href=\"mailto:info@cavalzano.it\">info@cavalzano.it<\/a>,&nbsp;<a href=\"http:\/\/www.cavalzano.it\/\">www.cavalzano.it<\/a><\/p>\n\n\n\n<p><strong>CENTRO\u2026TI ASCOLTO&nbsp;<\/strong><br>Ascolta e accoglie le persone in difficolt\u00e0 che ad esso si rivolgono; distribuisce generi alimentari e abiti; crea progetti utilizzando fondi della Caritas e del fondo \u201cFamiglia Adotta Famiglia\u201d.<\/p>\n\n\n\n<p>INDIRIZZO&nbsp;Via S. Margherita n. 3 c\/o il Centro S. Margherita, Torre Boldone (BG)<br>APERTURA&nbsp;mercoled\u00ec 16.30- 18.30 sabato 09.30-11.30 marted\u00ec 09.30-10.30 per la distribuzione di capi di abbigliamento<br>CONTATTI&nbsp;3343244798<br><a href=\"mailto:tiascolto_torreboldo@libero.it\">tiascolto_torreboldo@libero.it<\/a><\/p>\n\n\n\n<p><strong>CONSORZIO LA CASCINA<\/strong><br>Costituito da realt\u00e0 associative e della cooperazione sociale che operano senza fini di lucro progettando e gestendo servizi ed attivit\u00e0 di carattere residenziale e semiresidenziale a favore delle persone con disabilit\u00e0 fisica ed intellettiva.<\/p>\n\n\n\n<p>INDIRIZZO&nbsp;Via Ronco Basso 13, Villa d\u2019Alm\u00e8 (BG)<br>CONTATTI&nbsp;035635028<br><a href=\"mailto:segreteria@consorzio-lacascina.it\">segreteria@consorzio-lacascina.it<\/a><\/p>\n\n\n\n<p><strong>GAS TORRE \u2013 RANICA<\/strong><br>Gruppo acquisto solidale<br>CONTATTI&nbsp;<a href=\"http:\/\/www.intergasbvs.org\/\">www.intergasbvs.org<\/a><\/p>\n\n\n\n<p><strong>GRUPPO ALFABETIZZAZIONE<\/strong><br>Scuola di italiano e di cittadinanza per donne straniere<br>CONTATTI&nbsp;Giuliana Baldi 3462146085 \u2013 Carolina Zucchelli 3497752600<br><a href=\"mailto:carolina.zucchelli@gmail.com\">carolina.zucchelli@gmail.com<\/a>,&nbsp;<a href=\"mailto:alfabetizzazione.torreboldone@gmail.com\">alfabetizzazione.torreboldone@gmail.com<\/a><\/p>\n\n\n\n<p><strong>GRUPPO SCOUT DEL TORRE<\/strong><\/p>\n\n\n\n<p>INDIRIZZO&nbsp;c\/o Centro Polivalente (accanto al Palazzetto dello Sport) \u2013 Piazza del Bersagliere, Torre Boldone (BG)<br>CONTATTI&nbsp;3664055673<br><a href=\"mailto:torreboldone1@lombardia.agesci.it\">torreboldone1@lombardia.agesci.it<\/a>,&nbsp;<a href=\"http:\/\/www.agesci-torreboldone.it\/\">www.agesci-torreboldone.it<\/a><\/p>\n\n\n\n<p><strong>Il Girasole<\/strong><br>Vendita a condizione vantaggiose di indumenti (neonato ed adulto), scarpe, carrozzine, seggiolini, passeggini e giocattoli<\/p>\n\n\n\n<p>INDIRIZZO&nbsp;Via Camozzi n. 2, presso l\u2019Oratorio di Pedrengo ( piano 1 \u2013 aula Angeli Custodi)<br>APERTURA&nbsp;ogni mercoled\u00ec 15.00-18.00<br>CONTATTI&nbsp; 3462857522 \u2013 3396184002<br><a href=\"mailto:ilgirasolepedrengo@gmail.com\">ilgirasolepedrengo@gmail.com<\/a>; @ilgirasolepedrengo<\/p>\n\n\n\n<p><strong>IL MANTELLO<\/strong><br>Casa accoglienza per ragazze e donne in difficolt\u00e0; ritiro e vendita usato: abiti di tutte le et\u00e0, casalinghi, oggetti di puericultura.<\/p>\n\n\n\n<p>INDIRIZZO&nbsp;CASA ACCOGLIENZA e RITIRO USATO&nbsp;Via Imotorre n. 26, Torre Boldone (BG)<br>APERTURA&nbsp;marted\u00ec, gioved\u00ec e sabato 14.00-17.00<br>INDIRIZZO&nbsp;VENDITA USATO negozio \u201cLA COSA GIUSTA\u201d Via Tasso n. 22, Torre Boldone (BG)<br>APERTURA&nbsp;luned\u00ec 14.00-17.00, marted\u2019 09.00-12.00, mercoled\u00ec 09.00-12.00 e 14.00-17.00, gioved\u00ec chiuso, venerd\u00ec 09.00-12.00, sabato 14.00-17.00, domenica chiuso<br>CONTATTI:&nbsp;<em>345<\/em>2553528<\/p>\n\n\n\n<p><strong>L\u2019ISOLA DEL TESORO&nbsp;<\/strong><br>Coordinata e gestita dalla cooperativa Biplano che da oltre 15 anni si occupa di salute mentale.<br>Il centro diurno svolge le sue attivit\u00e0 attraverso laboratori artigianali:<br>RE-MAKE Decorazione e restyling di mobili<br>RI-ABITO Realizzazione abbigliamento donna<br>RI-TAGLIO E RI-CUCIO Realizzazione di oggetti con stoffa riciclata<br>RI-CICLO Recupero biciclette e complementi d\u2019arredo<br>RE-BRICKS Ricomposizioni con mattoncini colorati<br>IN-TRECCIO Rifacciamo sedute di tutti i tipi. Realizziamo cesti e lampadari con materiali diversi<br>BI.RI.BI Ricicliamo materiale di scarto per trasformarlo in bigiotteria<\/p>\n\n\n\n<p>INDIRIZZO&nbsp;Via Daste e Spalenga n. 14, Gorle (BG)<br>APERTURA&nbsp;da luned\u00ec a venerd\u00ec 9.00-12.00 14.00-16.30, sabato 9.30-12.30 15.00-18.00<br>CONTATTI&nbsp;3202956929<br><a href=\"mailto:isoladeltesoro@cooperativabiplano.it\">isoladeltesoro@cooperativabiplano.it<\/a><\/p>\n\n\n\n<p><strong>PARROCCHIA E ORATORIO DI TORRE BOLDONE<\/strong><br>INDIRIZZO&nbsp;Via S. Margherita n. 6, Torre Boldone (BG)<br>CONTATTI&nbsp;035341050<br><a href=\"mailto:oratoriotorreboldone@gmail.com\">oratoriotorreboldone@gmail.com<\/a>,&nbsp;<a href=\"http:\/\/www.parrocchiaditorreboldone.it\/\">www.parrocchiaditorreboldone.it<\/a><\/p>\n\n\n\n<p><strong>RI-VESTIAMOCI<\/strong><br>Scambio indumenti 0-13 anni<\/p>\n\n\n\n<p>INDIRIZZO&nbsp;presso la sala Informagiovani del Centro Civico di via Martiri della Libert\u00e0, 57 Fraz. Petosino (ingresso dal parcheggio di via Val Bondagli)<br>APERTURA&nbsp;gioved\u00ec 14.30-16.30, primo venerd\u00ec del mese 20.30-22.00<br>CONTATTI&nbsp;&nbsp;@Rivestiamoci<\/p>\n\n\n\n<p><strong>S.F.A. (Servizio Formativo Autonomia)<\/strong><br>E\u2019 un servizio del Comune di Torre Boldone in coprogettazione con le Cooperative Sociali L\u2019Impronta e Serena e l\u2019Istituto Palazzolo. Lo S.F.A. si occupa di persone con disabilit\u00e0 medio-lieve in fascia di et\u00e0 dai 18 anni in poi. Con il supporto di educatori, volontari e in collaborazione con le varie realt\u00e0 del territorio, costruisce progetti che lavorano sul mantenimento e sullo sviluppo di competenze e autonomie sul territorio di appartenenza, aprendo spazi sia di tempo libero che socio-occupazionali.<br>CONTATTI: 3455582860 Coordinatrice Dott.ssa Francesca Monge<\/p>\n","protected":false},"excerpt":{"rendered":"<p>Si segnalano altri punti di raccolta e associazioni con cui collaboriamo: CAV \u2013 Centro di aiuto alla vita&nbsp;Progetto di comunit\u00e0 a servizio della donna in difficolt\u00e0 nell\u2019accogliere la nascita di un bambino; ritiro e distribuzione abiti 0\/2 anni, carrozzine, lettini e lenzuola, passeggini, seggioloni etc INDIRIZZO&nbsp;Via Abruzzi n. 9, Alzano Lombardo (BG)APERTURA&nbsp;marted\u00ec, mercoled\u00ec e gioved\u00ec [&hellip;]<\/p>\n","protected":false},"author":1,"featured_media":0,"parent":0,"menu_order":0,"comment_status":"closed","ping_status":"closed","template":"","meta":{"footnotes":""},"class_list":["post-460","page","type-page","status-publish","hentry"],"_links":{"self":[{"href":"https:\/\/www.ilcerchietto.it\/es\/wp-json\/wp\/v2\/pages\/460","targetHints":{"allow":["GET"]}}],"collection":[{"href":"https:\/\/www.ilcerchietto.it\/es\/wp-json\/wp\/v2\/pages"}],"about":[{"href":"https:\/\/www.ilcerchietto.it\/es\/wp-json\/wp\/v2\/types\/page"}],"author":[{"embeddable":true,"href":"https:\/\/www.ilcerchietto.it\/es\/wp-json\/wp\/v2\/users\/1"}],"replies":[{"embeddable":true,"href":"https:\/\/www.ilcerchietto.it\/es\/wp-json\/wp\/v2\/comments?post=460"}],"version-history":[{"count":1,"href":"https:\/\/www.ilcerchietto.it\/es\/wp-json\/wp\/v2\/pages\/460\/revisions"}],"predecessor-version":[{"id":461,"href":"https:\/\/www.ilcerchietto.it\/es\/wp-json\/wp\/v2\/pages\/460\/revisions\/461"}],"wp:attachment":[{"href":"https:\/\/www.ilcerchietto.it\/es\/wp-json\/wp\/v2\/media?parent=460"}],"curies":[{"name":"wp","href":"https:\/\/api.w.org\/{rel}","templated":true}]}}