{"id":27,"date":"2017-04-14T23:45:55","date_gmt":"2017-04-14T21:45:55","guid":{"rendered":"http:\/\/www.ilcerchietto.it\/?page_id=27"},"modified":"2025-10-07T16:41:08","modified_gmt":"2025-10-07T14:41:08","slug":"come-funziona","status":"publish","type":"page","link":"https:\/\/www.ilcerchietto.it\/fr\/come-funziona\/","title":{"rendered":"comment"},"content":{"rendered":"<p><\/p>\n\n\n\n<p>Il Cerchietto est un projet cr\u00e9\u00e9 pour promouvoir et diffuser un mode de vie bas\u00e9 sur la sobri\u00e9t\u00e9, le recyclage, le non gaspillage et la solidarit\u00e9.<\/p>\n\n\n\n<p>Depuis 2019, il fait partie de \u00ab Infanzia &amp; Incontri \u00bb APS de Torre Boldone.<\/p>\n\n\n\n<p><strong>R\u00c8GLES<\/strong><\/p>\n\n\n\n<p>Pour utiliser le service d&rsquo;\u00e9change, il est n\u00e9cessaire de devenir membre de l&rsquo;APS \u00ab Infanzia &amp; Incontri \u00bb en remplissant le formulaire d&rsquo;inscription sur le site et en payant la cotisation de 10 \u20ac (un document nominatif sera d\u00e9livr\u00e9) ou en remplissant la <a href=\"https:\/\/bit.ly\/infanzia-e-incontri-domanda-ammissione-socio\" target=\"_blank\" rel=\"noreferrer noopener\">formulaire d&rsquo;inscription on-line<\/a> et en payant par virement bancaire.<\/p>\n\n\n\n<p>L&rsquo;adh\u00e9sion permet d&rsquo;acc\u00e9der gratuitement \u00e0 toutes les initiatives propos\u00e9es par l&rsquo;APS \u00ab Infanzia &amp; Incontri \u00bb (ateliers, initiatives de lecture \u00ab La notte dei pupazzi \u00bb et de psychomotricit\u00e9 pour les enfants de 0 \u00e0 5 ans, formations pour adultes, etc.) pendant toute la dur\u00e9e de l&rsquo;ann\u00e9e scolaire (1er septembre &#8211; 31 ao\u00fbt) et de b\u00e9n\u00e9ficier de la couverture d&rsquo;assurance pendant les activit\u00e9s organis\u00e9es par l&rsquo;association.&nbsp;<\/p>\n\n\n\n<p>Les v\u00eatements doivent \u00eatre propres et en bon \u00e9tat (ceux que vous mettriez \u00e0 vos enfants), et sont \u00e9valu\u00e9s et accept\u00e9s \u00e0 la discr\u00e9tion du b\u00e9n\u00e9vole de Cerchietto.<\/p>\n\n\n\n<p>Les v\u00eatements remis donnent droit \u00e0 des points qui peuvent \u00eatre utilis\u00e9s pour choisir imm\u00e9diatement d&rsquo;autres v\u00eatements ou accessoires de \u00ab valeur \u00e9quivalente \u00bb, qui sont attribu\u00e9s de la mani\u00e8re suivante<\/p>\n\n\n\n<ul class=\"wp-block-list\">\n<li>vestes, chaussures et v\u00eatements de c\u00e9r\u00e9monie 5 points<\/li>\n\n\n\n<li>tout le reste 1 point<\/li>\n<\/ul>\n\n\n\n<ul class=\"wp-block-list\">\n<li>Les points ne sont pas cumulables et ne peuvent \u00eatre conserv\u00e9s.<\/li>\n\n\n\n<li>Les articles apport\u00e9s pour \u00eatre \u00e9chang\u00e9s seront disponibles d\u00e8s l&rsquo;ouverture suivante.<\/li>\n\n\n\n<li>En cas de forte affluence, l&rsquo;\u00e9change ne peut se faire que pour une taille \u00e0 la fois.<\/li>\n\n\n\n<li>Les articles encombrants tels que les poussettes, les lits d&rsquo;enfant, les chaises hautes, etc. ne seront pas collect\u00e9s.<\/li>\n\n\n\n<li>Si vous n&rsquo;\u00eates pas int\u00e9ress\u00e9 par l&rsquo;\u00e9change mais que vous avez des v\u00eatements que vous n&rsquo;utilisez pas, vous pouvez les apporter et ils seront \u00ab mis dans le cercle \u00bb.<\/li>\n<\/ul>\n\n\n\n<p><strong>Modalit\u00e9s de l&rsquo;\u00e9change:<\/strong><\/p>\n\n\n\n<p>Le volontaire:<\/p>\n\n\n\n<ul class=\"wp-block-list\">\n<li>v\u00e9rifie que la personne\/m\u00e9nage est associ\u00e9e \u00e0 l&rsquo;APS \u00ab Infanzia &amp; Incontri \u00bb;<\/li>\n\n\n\n<li>avant d&rsquo;accepter les v\u00eatements, \u00e9value leur \u00e9tat et leur propret\u00e9;<\/li>\n\n\n\n<li>quantifie le score obtenu pour un maximum de 20 points.<\/li>\n<\/ul>\n\n\n\n<p>Les points doivent \u00eatre utilis\u00e9s imm\u00e9diatement, ils ne sont pas cumulables et ne peuvent pas \u00eatre mis en attente.<\/p>\n\n\n\n<p>Le public est pri\u00e9 d&rsquo;adopter un comportement aussi correct et respectueux que possible.<\/p>\n\n\n\n<p>Il est interdit de circuler librement dans l&rsquo;\u00e9tablissement.<\/p>\n\n\n\n<p>Les chiens ne sont pas autoris\u00e9s.<\/p>\n\n\n\n<p>","protected":false},"excerpt":{"rendered":"<p>Il Cerchietto est un projet cr\u00e9\u00e9 pour promouvoir et diffuser un mode de vie bas\u00e9 sur la sobri\u00e9t\u00e9, le recyclage, le non gaspillage et la solidarit\u00e9. Depuis 2019, il fait partie de \u00ab Infanzia &amp; Incontri \u00bb APS de Torre Boldone. R\u00c8GLES Pour utiliser le service d&rsquo;\u00e9change, il est n\u00e9cessaire de devenir membre de l&rsquo;APS [&hellip;]<\/p>\n","protected":false},"author":1,"featured_media":0,"parent":0,"menu_order":0,"comment_status":"closed","ping_status":"closed","template":"","meta":{"footnotes":""},"class_list":["post-27","page","type-page","status-publish","hentry"],"_links":{"self":[{"href":"https:\/\/www.ilcerchietto.it\/fr\/wp-json\/wp\/v2\/pages\/27","targetHints":{"allow":["GET"]}}],"collection":[{"href":"https:\/\/www.ilcerchietto.it\/fr\/wp-json\/wp\/v2\/pages"}],"about":[{"href":"https:\/\/www.ilcerchietto.it\/fr\/wp-json\/wp\/v2\/types\/page"}],"author":[{"embeddable":true,"href":"https:\/\/www.ilcerchietto.it\/fr\/wp-json\/wp\/v2\/users\/1"}],"replies":[{"embeddable":true,"href":"https:\/\/www.ilcerchietto.it\/fr\/wp-json\/wp\/v2\/comments?post=27"}],"version-history":[{"count":59,"href":"https:\/\/www.ilcerchietto.it\/fr\/wp-json\/wp\/v2\/pages\/27\/revisions"}],"predecessor-version":[{"id":720,"href":"https:\/\/www.ilcerchietto.it\/fr\/wp-json\/wp\/v2\/pages\/27\/revisions\/720"}],"wp:attachment":[{"href":"https:\/\/www.ilcerchietto.it\/fr\/wp-json\/wp\/v2\/media?parent=27"}],"curies":[{"name":"wp","href":"https:\/\/api.w.org\/{rel}","templated":true}]}}