{"id":47,"date":"2017-04-15T21:53:45","date_gmt":"2017-04-15T19:53:45","guid":{"rendered":"http:\/\/www.ilcerchietto.it\/?page_id=47"},"modified":"2023-03-10T17:45:16","modified_gmt":"2023-03-10T16:45:16","slug":"home","status":"publish","type":"page","link":"https:\/\/www.ilcerchietto.it\/fr\/","title":{"rendered":"pourquoi"},"content":{"rendered":"<p>RECYCLAGE\u00a0\u00a0\u00a0\u00a0\u00a0 \u00a0SOLIDARITE\u2019 \u00a0\u00a0\u00a0\u00a0\u00a0\u00a0SOBRI\u00c9T\u00c9 \u00a0\u00a0\u00a0\u00a0\u00a0\u00a0\u00a0AUCUN GASPILLAGE<\/p>\n<p><img loading=\"lazy\" decoding=\"async\" class=\"size-full wp-image-39 aligncenter\" src=\"http:\/\/www.ilcerchietto.it\/wp-content\/uploads\/2017\/04\/logo-small.jpg\" alt=\"\" width=\"256\" height=\"256\" srcset=\"https:\/\/www.ilcerchietto.it\/wp-content\/uploads\/2017\/04\/logo-small.jpg 256w, https:\/\/www.ilcerchietto.it\/wp-content\/uploads\/2017\/04\/logo-small-150x150.jpg 150w\" sizes=\"auto, (max-width: 256px) 100vw, 256px\" \/><\/p>\n<p>\u00ab\u00a0Il Cerchietto\u00a0\u00bb est un groupe de b\u00e9n\u00e9voles qui g\u00e8re l&rsquo;\u00e9change de v\u00eatements tailles 0-14 ans.<\/p>\n<p>Les v\u00eatements remis propres et en bon \u00e9tat sont \u00e9valu\u00e9s et accept\u00e9s \u00e0 la discr\u00e9tion des b\u00e9n\u00e9voles et donnent le droit d&rsquo;obtenir des points qui peuvent \u00eatre utilis\u00e9s pour prendre d&rsquo;autres v\u00eatements et accessoires d\u2019 \u00ab\u00e9gale valeur\u00bb (ces points ne peuvent pas \u00eatre accumul\u00e9s ou mis en suspens, mais il faudra les utiliser imm\u00e9diatement POUR UN MAXIMUM DE 20 POINTS pour chaque taille).<\/p>\n<p>Si vous voulez soutenir le projet, vous pouvez donner une contribution de 2 euro minimum.<\/p>\n<p><strong>Nous ne pouvons pas retirer les objets volumineux tels que des poussettes, berceaux, chaises hautes &#8230;<\/strong><\/p>\n<p>Si vous n&rsquo;\u00eates pas int\u00e9ress\u00e9s par l&rsquo;\u00e9change, mais vous avez quand-m\u00eame des v\u00eatements que vous n&rsquo;utilisez plus, vous pouvez nous les donner et ils seront plac\u00e9s dans notre cercle\u00a0!<\/p>\n<p>NOUS SOMMES EN\u00a0 \u00a0 \u00a0 ex bocciodromo &#8211; Centro Sociale Polivalente<br \/>\nin Piazza del Bersagliere a Torre Boldone<\/p>\n<p>REFERENTS\u00a0\u00a0\u00a0\u00a0\u00a0\u00a0\u00a0 \u00a0\u00a0\u00a0\u00a0\u00a0\u00a0\u00a0\u00a0\u00a0\u00a0\u00a0\u00a0\u00a0 Linda, Betty , Emanuela et Stefania<\/p>\n<p>EMAIL \u00a0 \u00a0\u00a0\u00a0\u00a0\u00a0\u00a0\u00a0\u00a0\u00a0\u00a0\u00a0\u00a0\u00a0 \u00a0\u00a0\u00a0\u00a0\u00a0\u00a0\u00a0\u00a0\u00a0\u00a0\u00a0\u00a0\u00a0 ilcerchietto@gmail.com<\/p>\n<p>FACEBOOK \u00a0 \u00a0 \u00a0\u00a0 @giocotutto.spazioinsieme<\/p>\n<p>INSTAGRAM\u00a0 \u00a0 \u00a0 \u00a0 @infanzia_e_incontri<\/p>\n<p><\/p>","protected":false},"excerpt":{"rendered":"<p>RECYCLAGE\u00a0\u00a0\u00a0\u00a0\u00a0 \u00a0SOLIDARITE\u2019 \u00a0\u00a0\u00a0\u00a0\u00a0\u00a0SOBRI\u00c9T\u00c9 \u00a0\u00a0\u00a0\u00a0\u00a0\u00a0\u00a0AUCUN GASPILLAGE \u00ab\u00a0Il Cerchietto\u00a0\u00bb est un groupe de b\u00e9n\u00e9voles qui g\u00e8re l&rsquo;\u00e9change de v\u00eatements tailles 0-14 ans. Les v\u00eatements remis propres et en bon \u00e9tat sont \u00e9valu\u00e9s et accept\u00e9s \u00e0 la discr\u00e9tion des b\u00e9n\u00e9voles et donnent le droit d&rsquo;obtenir des points qui peuvent \u00eatre utilis\u00e9s pour prendre d&rsquo;autres v\u00eatements et accessoires d\u2019 [&hellip;]<\/p>\n","protected":false},"author":1,"featured_media":39,"parent":0,"menu_order":0,"comment_status":"closed","ping_status":"closed","template":"template-home-page.php","meta":{"footnotes":""},"class_list":["post-47","page","type-page","status-publish","has-post-thumbnail","hentry"],"_links":{"self":[{"href":"https:\/\/www.ilcerchietto.it\/fr\/wp-json\/wp\/v2\/pages\/47","targetHints":{"allow":["GET"]}}],"collection":[{"href":"https:\/\/www.ilcerchietto.it\/fr\/wp-json\/wp\/v2\/pages"}],"about":[{"href":"https:\/\/www.ilcerchietto.it\/fr\/wp-json\/wp\/v2\/types\/page"}],"author":[{"embeddable":true,"href":"https:\/\/www.ilcerchietto.it\/fr\/wp-json\/wp\/v2\/users\/1"}],"replies":[{"embeddable":true,"href":"https:\/\/www.ilcerchietto.it\/fr\/wp-json\/wp\/v2\/comments?post=47"}],"version-history":[{"count":40,"href":"https:\/\/www.ilcerchietto.it\/fr\/wp-json\/wp\/v2\/pages\/47\/revisions"}],"predecessor-version":[{"id":417,"href":"https:\/\/www.ilcerchietto.it\/fr\/wp-json\/wp\/v2\/pages\/47\/revisions\/417"}],"wp:featuredmedia":[{"embeddable":true,"href":"https:\/\/www.ilcerchietto.it\/fr\/wp-json\/wp\/v2\/media\/39"}],"wp:attachment":[{"href":"https:\/\/www.ilcerchietto.it\/fr\/wp-json\/wp\/v2\/media?parent=47"}],"curies":[{"name":"wp","href":"https:\/\/api.w.org\/{rel}","templated":true}]}}